{"id":19,"date":"2023-03-11T10:27:18","date_gmt":"2023-03-11T09:27:18","guid":{"rendered":"http:\/\/carter-caravans.de\/?page_id=19"},"modified":"2023-03-11T10:27:18","modified_gmt":"2023-03-11T09:27:18","slug":"sekcja-strony-glownej","status":"publish","type":"page","link":"http:\/\/carter-caravans.de\/index.php\/sekcja-strony-glownej\/","title":{"rendered":"Sekcja strony g\u0142\u00f3wnej"},"content":{"rendered":"\n<p>To jest przyk\u0142ad sekcji strony g\u0142\u00f3wnej. Sekcja ta mo\u017ce by\u0107 na dowolnej stronie opr\u00f3cz strony g\u0142\u00f3wnej, w\u0142\u0105czaj\u0105c to stron\u0119 prezentuj\u0105c\u0105 ostatnie wpisy.<\/p>\n","protected":false},"excerpt":{"rendered":"<p>To jest przyk\u0142ad sekcji strony g\u0142\u00f3wnej. Sekcja ta mo\u017ce by\u0107 na dowolnej stronie opr\u00f3cz strony g\u0142\u00f3wnej, w\u0142\u0105czaj\u0105c to stron\u0119 prezentuj\u0105c\u0105 ostatnie wpisy.<\/p>\n","protected":false},"author":1,"featured_media":12,"parent":0,"menu_order":0,"comment_status":"closed","ping_status":"closed","template":"","meta":{"footnotes":""},"class_list":{"0":"post-19","1":"page","2":"type-page","3":"status-publish","4":"has-post-thumbnail","6":"col-md-12"},"_links":{"self":[{"href":"http:\/\/carter-caravans.de\/index.php\/wp-json\/wp\/v2\/pages\/19","targetHints":{"allow":["GET"]}}],"collection":[{"href":"http:\/\/carter-caravans.de\/index.php\/wp-json\/wp\/v2\/pages"}],"about":[{"href":"http:\/\/carter-caravans.de\/index.php\/wp-json\/wp\/v2\/types\/page"}],"author":[{"embeddable":true,"href":"http:\/\/carter-caravans.de\/index.php\/wp-json\/wp\/v2\/users\/1"}],"replies":[{"embeddable":true,"href":"http:\/\/carter-caravans.de\/index.php\/wp-json\/wp\/v2\/comments?post=19"}],"version-history":[{"count":1,"href":"http:\/\/carter-caravans.de\/index.php\/wp-json\/wp\/v2\/pages\/19\/revisions"}],"predecessor-version":[{"id":30,"href":"http:\/\/carter-caravans.de\/index.php\/wp-json\/wp\/v2\/pages\/19\/revisions\/30"}],"wp:featuredmedia":[{"embeddable":true,"href":"http:\/\/carter-caravans.de\/index.php\/wp-json\/wp\/v2\/media\/12"}],"wp:attachment":[{"href":"http:\/\/carter-caravans.de\/index.php\/wp-json\/wp\/v2\/media?parent=19"}],"curies":[{"name":"wp","href":"https:\/\/api.w.org\/{rel}","templated":true}]}}